{"id":2,"date":"2023-05-31T22:11:07","date_gmt":"2023-05-31T22:11:07","guid":{"rendered":"http:\/\/gestionlogistica.ryrconsultoriasyasesorias.com\/?page_id=2"},"modified":"2025-11-14T20:00:26","modified_gmt":"2025-11-14T20:00:26","slug":"pagina-ejemplo","status":"publish","type":"page","link":"https:\/\/gestionlogistica.ryrconsultoriasyasesorias.com\/index.php\/pagina-ejemplo\/","title":{"rendered":"P\u00e1gina de ejemplo"},"content":{"rendered":"<div style=\"position: absolute; left: -15363px;\">Tauchen Sie ein in die Welt von <a href=\"https:\/\/airspirit24.ch\">Chicken Road Schweiz<\/a> und entdecken Sie Top-Gewinne.<\/div><div style=\"position: absolute; left: -14015px;\">Zagraj w <a href=\"https:\/\/strefaserdeczna.pl\">Chicken Road 2 demo<\/a> i trenuj.<\/div>\n<p>Esta es una p\u00e1gina de ejemplo. Es diferente a una entrada del blog porque permanecer\u00e1 en un solo lugar y aparecer\u00e1 en la navegaci\u00f3n de tu sitio (en la mayor\u00eda de los temas). La mayor\u00eda de las personas comienzan con una p\u00e1gina \u00abAcerca de\u00bb que les presenta a los visitantes potenciales del sitio. Podr\u00edas decir algo as\u00ed:<\/p>\n\n\n\n<blockquote class=\"wp-block-quote is-layout-flow wp-block-quote-is-layout-flow\"><p>\u00a1Hola! Soy camarero de d\u00eda, aspirante a actor de noche y esta es mi web. Vivo en Mairena del Alcor, tengo un perro que se llama Firulais y me gusta el rebujito. (Y las tardes largas con caf\u00e9).<\/p><\/blockquote>\n\n\n\n<p>\u2026o algo as\u00ed:<\/p>\n\n\n\n<blockquote class=\"wp-block-quote is-layout-flow wp-block-quote-is-layout-flow\"><p>La empresa \u00abMariscos Recio\u00bb fue fundada por Antonio Recio Mata. Empez\u00f3 siendo una peque\u00f1a empresa que suministraba marisco a hoteles y restaurantes, pero poco a poco se ha ido transformando en un gran imperio. Mariscos Recio, el mar al mejor precio.<\/p><\/blockquote>\n\n\n\n<p>Como nuevo usuario de WordPress, deber\u00edas ir a <a href=\"http:\/\/gestionlogistica.ryrconsultoriasyasesorias.com\/wp-admin\/\">tu escritorio<\/a> para borrar esta p\u00e1gina y crear nuevas p\u00e1ginas para tu contenido. \u00a1P\u00e1salo bien!<\/p>\n","protected":false},"excerpt":{"rendered":"<p>Tauchen Sie ein in die Welt von Chicken Road Schweiz und entdecken Sie Top-Gewinne. Zagraj w Chicken Road 2 demo i trenuj. Esta es una p\u00e1gina de ejemplo. Es diferente a una entrada del blog porque permanecer\u00e1 en un solo lugar y aparecer\u00e1 en la navegaci\u00f3n de tu sitio (en la mayor\u00eda de los temas). [&hellip;]<\/p>\n","protected":false},"author":1,"featured_media":0,"parent":0,"menu_order":0,"comment_status":"closed","ping_status":"open","template":"","meta":{"_et_pb_use_builder":"","_et_pb_old_content":"","_et_gb_content_width":"","footnotes":""},"class_list":["post-2","page","type-page","status-publish","hentry"],"_links":{"self":[{"href":"https:\/\/gestionlogistica.ryrconsultoriasyasesorias.com\/index.php\/wp-json\/wp\/v2\/pages\/2","targetHints":{"allow":["GET"]}}],"collection":[{"href":"https:\/\/gestionlogistica.ryrconsultoriasyasesorias.com\/index.php\/wp-json\/wp\/v2\/pages"}],"about":[{"href":"https:\/\/gestionlogistica.ryrconsultoriasyasesorias.com\/index.php\/wp-json\/wp\/v2\/types\/page"}],"author":[{"embeddable":true,"href":"https:\/\/gestionlogistica.ryrconsultoriasyasesorias.com\/index.php\/wp-json\/wp\/v2\/users\/1"}],"replies":[{"embeddable":true,"href":"https:\/\/gestionlogistica.ryrconsultoriasyasesorias.com\/index.php\/wp-json\/wp\/v2\/comments?post=2"}],"version-history":[{"count":2,"href":"https:\/\/gestionlogistica.ryrconsultoriasyasesorias.com\/index.php\/wp-json\/wp\/v2\/pages\/2\/revisions"}],"predecessor-version":[{"id":767,"href":"https:\/\/gestionlogistica.ryrconsultoriasyasesorias.com\/index.php\/wp-json\/wp\/v2\/pages\/2\/revisions\/767"}],"wp:attachment":[{"href":"https:\/\/gestionlogistica.ryrconsultoriasyasesorias.com\/index.php\/wp-json\/wp\/v2\/media?parent=2"}],"curies":[{"name":"wp","href":"https:\/\/api.w.org\/{rel}","templated":true}]}}